{"id":7405,"date":"2023-01-15T11:15:53","date_gmt":"2023-01-15T11:15:53","guid":{"rendered":"https:\/\/tamerteknik.com\/TR\/?page_id=7405"},"modified":"2023-01-18T13:43:29","modified_gmt":"2023-01-18T13:43:29","slug":"insan-kaynaklari","status":"publish","type":"page","link":"https:\/\/tamerteknik.com\/TR\/?page_id=7405","title":{"rendered":"\u0130nsan Kaynaklar\u0131"},"content":{"rendered":"\t\t<div data-elementor-type=\"wp-page\" data-elementor-id=\"7405\" class=\"elementor elementor-7405\">\n\t\t\t\t\t\t\t        <section class=\"elementor-section elementor-top-section elementor-element elementor-element-a29b69f elementor-section-boxed elementor-section-height-default elementor-section-height-default ct-header-fixed-none ct-column-none ct-row-scroll-none ct-row-gradient--none\" data-id=\"a29b69f\" data-element_type=\"section\">\n            \n                        <div class=\"elementor-container elementor-column-gap-default \">\n                    <div class=\"elementor-column elementor-col-50 elementor-top-column elementor-element elementor-element-4c585345 ct-column-none col-offset-none\" data-id=\"4c585345\" data-element_type=\"column\">\n            <div class=\"elementor-widget-wrap elementor-element-populated\">\n                        \t\t<div class=\"elementor-element elementor-element-47c4fa40 elementor-widget elementor-widget-text-editor\" data-id=\"47c4fa40\" data-element_type=\"widget\" data-widget_type=\"text-editor.default\">\n\t\t\t\t<div class=\"elementor-widget-container\">\n\t\t\t<style>\/*! elementor - v3.9.2 - 21-12-2022 *\/\n.elementor-widget-text-editor.elementor-drop-cap-view-stacked .elementor-drop-cap{background-color:#818a91;color:#fff}.elementor-widget-text-editor.elementor-drop-cap-view-framed .elementor-drop-cap{color:#818a91;border:3px solid;background-color:transparent}.elementor-widget-text-editor:not(.elementor-drop-cap-view-default) .elementor-drop-cap{margin-top:8px}.elementor-widget-text-editor:not(.elementor-drop-cap-view-default) .elementor-drop-cap-letter{width:1em;height:1em}.elementor-widget-text-editor .elementor-drop-cap{float:left;text-align:center;line-height:1;font-size:50px}.elementor-widget-text-editor .elementor-drop-cap-letter{display:inline-block}<\/style>\t\t\t\tTamer Teknik i\u015fe Al\u0131m Ko\u015fullar\u0131\r\n<ul>\r\n \t<li>En az 3 y\u0131l Devlet Demir Yollar\u0131 B\u00fcnyesinde \u00c7al\u0131\u015fm\u0131\u015f Olmak<\/li>\r\n \t<li>\u0130lgili pozisyonda bilgi ve birikim sahibi olmak<\/li>\r\n \t<li>\u0130\u015fe hakim<\/li>\r\n \t<li>\u00dcst y\u00f6neticilerin emirlerini uygulamak<\/li>\r\n \t<li>Al\u0131nacak ki\u015fi say\u0131s\u0131 : 10 Personel<\/li>\r\n<\/ul>\r\nKlima ve \u0130klimlendirme Tekniker \/ Teknisyeni\r\n\r\n<hr \/>\r\n\r\n<ul>\r\n \t<li>En az 3 y\u0131l Devlet Demir Yollar\u0131 B\u00fcnyesinde \u00c7al\u0131\u015fm\u0131\u015f Olmak<\/li>\r\n \t<li>\u0130lgili pozisyonda bilgi ve birikim sahibi olmak<\/li>\r\n \t<li>\u0130\u015fe hakim<\/li>\r\n \t<li>\u00dcst y\u00f6neticilerin emirlerini uygulamak<\/li>\r\n \t<li>Al\u0131nacak ki\u015fi say\u0131s\u0131 : 10 Personel<\/li>\r\n<\/ul>\r\nElektrik Elektronik Teknikeri \/ Teknisyeni\t\t\t\t\t\t<\/div>\n\t\t\t\t<\/div>\n\t\t            <\/div>\n        <\/div>\n                <div class=\"elementor-column elementor-col-50 elementor-top-column elementor-element elementor-element-16aaec9 ct-column-none col-offset-none\" data-id=\"16aaec9\" data-element_type=\"column\">\n            <div class=\"elementor-widget-wrap elementor-element-populated\">\n                        \t\t<div class=\"elementor-element elementor-element-8ae81fe elementor-view-default elementor-widget elementor-widget-icon\" data-id=\"8ae81fe\" data-element_type=\"widget\" data-widget_type=\"icon.default\">\n\t\t\t\t<div class=\"elementor-widget-container\">\n\t\t\t\t\t<div class=\"elementor-icon-wrapper\">\n\t\t\t<div class=\"elementor-icon\">\n\t\t\t<i aria-hidden=\"true\" class=\"far fa-envelope\"><\/i>\t\t\t<\/div>\n\t\t<\/div>\n\t\t\t\t<\/div>\n\t\t\t\t<\/div>\n\t\t\t\t<div class=\"elementor-element elementor-element-fb9d9f7 elementor-widget elementor-widget-heading\" data-id=\"fb9d9f7\" data-element_type=\"widget\" data-widget_type=\"heading.default\">\n\t\t\t\t<div class=\"elementor-widget-container\">\n\t\t\t<style>\/*! elementor - v3.9.2 - 21-12-2022 *\/\n.elementor-heading-title{padding:0;margin:0;line-height:1}.elementor-widget-heading .elementor-heading-title[class*=elementor-size-]>a{color:inherit;font-size:inherit;line-height:inherit}.elementor-widget-heading .elementor-heading-title.elementor-size-small{font-size:15px}.elementor-widget-heading .elementor-heading-title.elementor-size-medium{font-size:19px}.elementor-widget-heading .elementor-heading-title.elementor-size-large{font-size:29px}.elementor-widget-heading .elementor-heading-title.elementor-size-xl{font-size:39px}.elementor-widget-heading .elementor-heading-title.elementor-size-xxl{font-size:59px}<\/style><h2 class=\"elementor-heading-title elementor-size-default\">CV'nizi info@tamerteknik.com adresine iletebilirsiniz.<\/h2>\t\t<\/div>\n\t\t\t\t<\/div>\n\t\t            <\/div>\n        <\/div>\n                            <\/div>\n        <\/section>\n        \t\t\t\t\t<\/div>\n\t\t","protected":false},"excerpt":{"rendered":"<p>Tamer Teknik i\u015fe Al\u0131m Ko\u015fullar\u0131 En az 3 y\u0131l Devlet Demir Yollar\u0131 B\u00fcnyesinde \u00c7al\u0131\u015fm\u0131\u015f Olmak \u0130lgili pozisyonda bilgi ve birikim sahibi olmak \u0130\u015fe hakim \u00dcst y\u00f6neticilerin emirlerini uygulamak Al\u0131nacak ki\u015fi say\u0131s\u0131 : 10 Personel Klima ve \u0130klimlendirme Tekniker \/ Teknisyeni En az 3 y\u0131l Devlet Demir Yollar\u0131 B\u00fcnyesinde \u00c7al\u0131\u015fm\u0131\u015f Olmak \u0130lgili pozisyonda bilgi ve birikim [&hellip;]<\/p>\n","protected":false},"author":1,"featured_media":0,"parent":0,"menu_order":0,"comment_status":"closed","ping_status":"closed","template":"","meta":{"footnotes":""},"class_list":["post-7405","page","type-page","status-publish","hentry"],"_links":{"self":[{"href":"https:\/\/tamerteknik.com\/TR\/index.php?rest_route=\/wp\/v2\/pages\/7405","targetHints":{"allow":["GET"]}}],"collection":[{"href":"https:\/\/tamerteknik.com\/TR\/index.php?rest_route=\/wp\/v2\/pages"}],"about":[{"href":"https:\/\/tamerteknik.com\/TR\/index.php?rest_route=\/wp\/v2\/types\/page"}],"author":[{"embeddable":true,"href":"https:\/\/tamerteknik.com\/TR\/index.php?rest_route=\/wp\/v2\/users\/1"}],"replies":[{"embeddable":true,"href":"https:\/\/tamerteknik.com\/TR\/index.php?rest_route=%2Fwp%2Fv2%2Fcomments&post=7405"}],"version-history":[{"count":8,"href":"https:\/\/tamerteknik.com\/TR\/index.php?rest_route=\/wp\/v2\/pages\/7405\/revisions"}],"predecessor-version":[{"id":7540,"href":"https:\/\/tamerteknik.com\/TR\/index.php?rest_route=\/wp\/v2\/pages\/7405\/revisions\/7540"}],"wp:attachment":[{"href":"https:\/\/tamerteknik.com\/TR\/index.php?rest_route=%2Fwp%2Fv2%2Fmedia&parent=7405"}],"curies":[{"name":"wp","href":"https:\/\/api.w.org\/{rel}","templated":true}]}}