{"id":7399,"date":"2023-01-15T11:14:21","date_gmt":"2023-01-15T11:14:21","guid":{"rendered":"https:\/\/tamerteknik.com\/TR\/?page_id=7399"},"modified":"2023-01-18T15:33:35","modified_gmt":"2023-01-18T15:33:35","slug":"cer-motorlari-bakim-ve-onarim","status":"publish","type":"page","link":"https:\/\/tamerteknik.com\/TR\/?page_id=7399","title":{"rendered":"Cer Motorlar\u0131 Bak\u0131m ve Onar\u0131m"},"content":{"rendered":"\t\t<div data-elementor-type=\"wp-page\" data-elementor-id=\"7399\" class=\"elementor elementor-7399\">\n\t\t\t\t\t\t\t        <section class=\"elementor-section elementor-top-section elementor-element elementor-element-45ab35f elementor-section-boxed elementor-section-height-default elementor-section-height-default ct-header-fixed-none ct-column-none ct-row-scroll-none ct-row-gradient--none\" data-id=\"45ab35f\" data-element_type=\"section\">\n            \n                        <div class=\"elementor-container elementor-column-gap-default \">\n                    <div class=\"elementor-column elementor-col-100 elementor-top-column elementor-element elementor-element-4f02447 ct-column-none col-offset-none\" data-id=\"4f02447\" data-element_type=\"column\">\n            <div class=\"elementor-widget-wrap elementor-element-populated\">\n                        \t\t<div class=\"elementor-element elementor-element-489361d gallery-spacing-custom elementor-widget elementor-widget-image-gallery\" data-id=\"489361d\" data-element_type=\"widget\" data-widget_type=\"image-gallery.default\">\n\t\t\t\t<div class=\"elementor-widget-container\">\n\t\t\t<style>\/*! elementor - v3.9.2 - 21-12-2022 *\/\n.elementor-image-gallery .gallery-item{display:inline-block;text-align:center;vertical-align:top;width:100%;max-width:100%;margin:0 auto}.elementor-image-gallery .gallery-item img{margin:0 auto}.elementor-image-gallery .gallery-item .gallery-caption{margin:0}.elementor-image-gallery figure img{display:block}.elementor-image-gallery figure figcaption{width:100%}.gallery-spacing-custom .elementor-image-gallery .gallery-icon{padding:0}@media (min-width:768px){.elementor-image-gallery .gallery-columns-2 .gallery-item{max-width:50%}.elementor-image-gallery .gallery-columns-3 .gallery-item{max-width:33.33%}.elementor-image-gallery .gallery-columns-4 .gallery-item{max-width:25%}.elementor-image-gallery .gallery-columns-5 .gallery-item{max-width:20%}.elementor-image-gallery .gallery-columns-6 .gallery-item{max-width:16.666%}.elementor-image-gallery .gallery-columns-7 .gallery-item{max-width:14.28%}.elementor-image-gallery .gallery-columns-8 .gallery-item{max-width:12.5%}.elementor-image-gallery .gallery-columns-9 .gallery-item{max-width:11.11%}.elementor-image-gallery .gallery-columns-10 .gallery-item{max-width:10%}}@media (min-width:480px) and (max-width:767px){.elementor-image-gallery .gallery.gallery-columns-2 .gallery-item,.elementor-image-gallery .gallery.gallery-columns-3 .gallery-item,.elementor-image-gallery .gallery.gallery-columns-4 .gallery-item,.elementor-image-gallery .gallery.gallery-columns-5 .gallery-item,.elementor-image-gallery .gallery.gallery-columns-6 .gallery-item,.elementor-image-gallery .gallery.gallery-columns-7 .gallery-item,.elementor-image-gallery .gallery.gallery-columns-8 .gallery-item,.elementor-image-gallery .gallery.gallery-columns-9 .gallery-item,.elementor-image-gallery .gallery.gallery-columns-10 .gallery-item{max-width:50%}}@media (max-width:479px){.elementor-image-gallery .gallery.gallery-columns-2 .gallery-item,.elementor-image-gallery .gallery.gallery-columns-3 .gallery-item,.elementor-image-gallery .gallery.gallery-columns-4 .gallery-item,.elementor-image-gallery .gallery.gallery-columns-5 .gallery-item,.elementor-image-gallery .gallery.gallery-columns-6 .gallery-item,.elementor-image-gallery .gallery.gallery-columns-7 .gallery-item,.elementor-image-gallery .gallery.gallery-columns-8 .gallery-item,.elementor-image-gallery .gallery.gallery-columns-9 .gallery-item,.elementor-image-gallery .gallery.gallery-columns-10 .gallery-item{max-width:100%}}<\/style>\t\t<div class=\"elementor-image-gallery\">\n\t\t\t<div id='gallery-1' class='gallery galleryid-7399 gallery-columns-4 gallery-size-itfirm-portfolio'><figure class='gallery-item'>\n\t\t\t<div class='gallery-icon landscape'>\n\t\t\t\t<a data-elementor-open-lightbox=\"yes\" data-elementor-lightbox-slideshow=\"489361d\" data-elementor-lightbox-title=\"SANYO DIGITAL CAMERA\" e-action-hash=\"#elementor-action%3Aaction%3Dlightbox%26settings%3DeyJpZCI6NzYxMiwidXJsIjoiaHR0cHM6XC9cL3RhbWVydGVrbmlrLmNvbVwvVFJcL3dwLWNvbnRlbnRcL3VwbG9hZHNcLzIwMjNcLzAxXC8xNy5qcGciLCJzbGlkZXNob3ciOiI0ODkzNjFkIn0%3D\" href='https:\/\/tamerteknik.com\/TR\/wp-content\/uploads\/2023\/01\/17.jpg'><img decoding=\"async\" width=\"370\" height=\"360\" src=\"https:\/\/tamerteknik.com\/TR\/wp-content\/uploads\/2023\/01\/17-370x360.jpg\" class=\"attachment-itfirm-portfolio size-itfirm-portfolio\" alt=\"\" \/><\/a>\n\t\t\t<\/div><\/figure><figure class='gallery-item'>\n\t\t\t<div class='gallery-icon portrait'>\n\t\t\t\t<a data-elementor-open-lightbox=\"yes\" data-elementor-lightbox-slideshow=\"489361d\" data-elementor-lightbox-title=\"IMG_0126-e1498725794888\" e-action-hash=\"#elementor-action%3Aaction%3Dlightbox%26settings%3DeyJpZCI6NzYxMywidXJsIjoiaHR0cHM6XC9cL3RhbWVydGVrbmlrLmNvbVwvVFJcL3dwLWNvbnRlbnRcL3VwbG9hZHNcLzIwMjNcLzAxXC9JTUdfMDEyNi1lMTQ5ODcyNTc5NDg4OC1zY2FsZWQuanBnIiwic2xpZGVzaG93IjoiNDg5MzYxZCJ9\" href='https:\/\/tamerteknik.com\/TR\/wp-content\/uploads\/2023\/01\/IMG_0126-e1498725794888-scaled.jpg'><img decoding=\"async\" width=\"370\" height=\"362\" src=\"https:\/\/tamerteknik.com\/TR\/wp-content\/uploads\/2023\/01\/IMG_0126-e1498725794888-370x362.jpg\" class=\"attachment-itfirm-portfolio size-itfirm-portfolio\" alt=\"\" \/><\/a>\n\t\t\t<\/div><\/figure><figure class='gallery-item'>\n\t\t\t<div class='gallery-icon portrait'>\n\t\t\t\t<a data-elementor-open-lightbox=\"yes\" data-elementor-lightbox-slideshow=\"489361d\" data-elementor-lightbox-title=\"IMG_0127-e1498725989872\" e-action-hash=\"#elementor-action%3Aaction%3Dlightbox%26settings%3DeyJpZCI6NzYxNCwidXJsIjoiaHR0cHM6XC9cL3RhbWVydGVrbmlrLmNvbVwvVFJcL3dwLWNvbnRlbnRcL3VwbG9hZHNcLzIwMjNcLzAxXC9JTUdfMDEyNy1lMTQ5ODcyNTk4OTg3Mi1zY2FsZWQuanBnIiwic2xpZGVzaG93IjoiNDg5MzYxZCJ9\" href='https:\/\/tamerteknik.com\/TR\/wp-content\/uploads\/2023\/01\/IMG_0127-e1498725989872-scaled.jpg'><img decoding=\"async\" width=\"370\" height=\"362\" src=\"https:\/\/tamerteknik.com\/TR\/wp-content\/uploads\/2023\/01\/IMG_0127-e1498725989872-370x362.jpg\" class=\"attachment-itfirm-portfolio size-itfirm-portfolio\" alt=\"\" \/><\/a>\n\t\t\t<\/div><\/figure><figure class='gallery-item'>\n\t\t\t<div class='gallery-icon portrait'>\n\t\t\t\t<a data-elementor-open-lightbox=\"yes\" data-elementor-lightbox-slideshow=\"489361d\" data-elementor-lightbox-title=\"IMG_0137-e1498726115648\" e-action-hash=\"#elementor-action%3Aaction%3Dlightbox%26settings%3DeyJpZCI6NzYxNSwidXJsIjoiaHR0cHM6XC9cL3RhbWVydGVrbmlrLmNvbVwvVFJcL3dwLWNvbnRlbnRcL3VwbG9hZHNcLzIwMjNcLzAxXC9JTUdfMDEzNy1lMTQ5ODcyNjExNTY0OC1zY2FsZWQuanBnIiwic2xpZGVzaG93IjoiNDg5MzYxZCJ9\" href='https:\/\/tamerteknik.com\/TR\/wp-content\/uploads\/2023\/01\/IMG_0137-e1498726115648-scaled.jpg'><img decoding=\"async\" width=\"370\" height=\"362\" src=\"https:\/\/tamerteknik.com\/TR\/wp-content\/uploads\/2023\/01\/IMG_0137-e1498726115648-370x362.jpg\" class=\"attachment-itfirm-portfolio size-itfirm-portfolio\" alt=\"\" \/><\/a>\n\t\t\t<\/div><\/figure>\n\t\t<\/div>\n\t\t<\/div>\n\t\t\t\t<\/div>\n\t\t\t\t<\/div>\n\t\t            <\/div>\n        <\/div>\n                            <\/div>\n        <\/section>\n        \t\t\t\t\t<\/div>\n\t\t","protected":false},"excerpt":{"rendered":"","protected":false},"author":1,"featured_media":0,"parent":7389,"menu_order":0,"comment_status":"closed","ping_status":"closed","template":"","meta":{"footnotes":""},"class_list":["post-7399","page","type-page","status-publish","hentry"],"_links":{"self":[{"href":"https:\/\/tamerteknik.com\/TR\/index.php?rest_route=\/wp\/v2\/pages\/7399","targetHints":{"allow":["GET"]}}],"collection":[{"href":"https:\/\/tamerteknik.com\/TR\/index.php?rest_route=\/wp\/v2\/pages"}],"about":[{"href":"https:\/\/tamerteknik.com\/TR\/index.php?rest_route=\/wp\/v2\/types\/page"}],"author":[{"embeddable":true,"href":"https:\/\/tamerteknik.com\/TR\/index.php?rest_route=\/wp\/v2\/users\/1"}],"replies":[{"embeddable":true,"href":"https:\/\/tamerteknik.com\/TR\/index.php?rest_route=%2Fwp%2Fv2%2Fcomments&post=7399"}],"version-history":[{"count":4,"href":"https:\/\/tamerteknik.com\/TR\/index.php?rest_route=\/wp\/v2\/pages\/7399\/revisions"}],"predecessor-version":[{"id":7618,"href":"https:\/\/tamerteknik.com\/TR\/index.php?rest_route=\/wp\/v2\/pages\/7399\/revisions\/7618"}],"up":[{"embeddable":true,"href":"https:\/\/tamerteknik.com\/TR\/index.php?rest_route=\/wp\/v2\/pages\/7389"}],"wp:attachment":[{"href":"https:\/\/tamerteknik.com\/TR\/index.php?rest_route=%2Fwp%2Fv2%2Fmedia&parent=7399"}],"curies":[{"name":"wp","href":"https:\/\/api.w.org\/{rel}","templated":true}]}}