{"id":7380,"date":"2023-01-15T11:07:43","date_gmt":"2023-01-15T11:07:43","guid":{"rendered":"https:\/\/tamerteknik.com\/TR\/?page_id=7380"},"modified":"2024-02-01T08:05:46","modified_gmt":"2024-02-01T08:05:46","slug":"hakkimizda","status":"publish","type":"page","link":"https:\/\/tamerteknik.com\/TR\/?page_id=7380","title":{"rendered":"Hakk\u0131m\u0131zda"},"content":{"rendered":"\t\t<div data-elementor-type=\"wp-page\" data-elementor-id=\"7380\" class=\"elementor elementor-7380\">\n\t\t\t\t\t\t\t        <section class=\"elementor-section elementor-top-section elementor-element elementor-element-6d8bc8cc elementor-section-boxed elementor-section-height-default elementor-section-height-default ct-header-fixed-none ct-column-none ct-row-scroll-none ct-row-gradient--none\" data-id=\"6d8bc8cc\" data-element_type=\"section\">\n            \n                        <div class=\"elementor-container elementor-column-gap-default \">\n                    <div class=\"elementor-column elementor-col-50 elementor-top-column elementor-element elementor-element-2994f77d ct-column-none col-offset-none\" data-id=\"2994f77d\" data-element_type=\"column\">\n            <div class=\"elementor-widget-wrap elementor-element-populated\">\n                        \t\t<div class=\"elementor-element elementor-element-6a57ffd1 elementor-widget elementor-widget-text-editor\" data-id=\"6a57ffd1\" data-element_type=\"widget\" data-widget_type=\"text-editor.default\">\n\t\t\t\t<div class=\"elementor-widget-container\">\n\t\t\t<style>\/*! elementor - v3.9.2 - 21-12-2022 *\/\n.elementor-widget-text-editor.elementor-drop-cap-view-stacked .elementor-drop-cap{background-color:#818a91;color:#fff}.elementor-widget-text-editor.elementor-drop-cap-view-framed .elementor-drop-cap{color:#818a91;border:3px solid;background-color:transparent}.elementor-widget-text-editor:not(.elementor-drop-cap-view-default) .elementor-drop-cap{margin-top:8px}.elementor-widget-text-editor:not(.elementor-drop-cap-view-default) .elementor-drop-cap-letter{width:1em;height:1em}.elementor-widget-text-editor .elementor-drop-cap{float:left;text-align:center;line-height:1;font-size:50px}.elementor-widget-text-editor .elementor-drop-cap-letter{display:inline-block}<\/style>\t\t\t\t<p style=\"text-align: justify;\">2000 y\u0131l\u0131nda rayl\u0131 sistem ara\u00e7lar\u0131 bak\u0131m ve onar\u0131m\u0131 ile ilgili ticaret hayat\u0131na ba\u015flayan TAMER TEKN\u0130K g\u00fcn\u00fcm\u00fcz T\u00fcrkiye\u2019sinde istihdam ve i\u015f geli\u015ftirilebilirli\u011finin zirvesine emin ad\u0131mlarla ilerlemektedir.<\/p><p style=\"text-align: justify;\">G\u00fcn\u00fcm\u00fcz co\u011frafyas\u0131n da ve rayl\u0131 sistemlerde geli\u015fen teknolojik geli\u015fmeleri yak\u0131ndan takip eden TAMER TEKN\u0130K 2000 y\u0131l\u0131nda faaliyete ba\u015flad\u0131\u011f\u0131 zamandan g\u00fcn\u00fcm\u00fcze rayl\u0131 sistemlerin bak\u0131m onar\u0131m hizmetlerini geli\u015ftirerek kendi kapasitesini en verimli halde tutmay\u0131 ama\u00e7lam\u0131\u015f ve rayl\u0131 sistemler bak\u0131m onar\u0131m i\u015finde \u00f6nc\u00fcl\u00fc\u011f\u00fcn\u00fc sa\u011flam \u015fekilde korumaktad\u0131r.<\/p><p style=\"text-align: justify;\">TAMER TEKN\u0130K mevcut TCDD ve T\u00dcLOMSA\u015e ile devam eden muhtelif i\u015fleri yapmaktad\u0131r. 2018 y\u0131l\u0131nda kendi fabrikas\u0131nda vagon imalat\u0131 ve t\u00fcm revizyon i\u015flerini de yapmay\u0131 hedefleyen Tamer Teknik T\u00fcrkiye Devlet Demir Yollar\u0131na kazand\u0131raca\u011f\u0131 bir \u00e7ok yerli \u00fcretim y\u00fck vagonlar\u0131n\u0131 da kendi b\u00fcnyesinde yaparak \u00fclkemizin yerli sermayesine \u00f6nemli derecede katk\u0131 sa\u011flayacakt\u0131r.<\/p><p style=\"text-align: justify;\">Tamer Teknik lokomotif ve yolcu vagonlar\u0131ndaki bak\u0131m onar\u0131m i\u015finde personellerine ilgili uzmanlar e\u015fli\u011finde verdi\u011fi e\u011fitimler ile mevcut i\u015fin h\u0131zl\u0131ca yap\u0131lmas\u0131n\u0131 buna mukabilde i\u015f kazas\u0131 risklerinin s\u0131f\u0131ra d\u00fc\u015fmesini sa\u011flam\u0131\u015ft\u0131r.<\/p><p style=\"text-align: justify;\">Tamer Teknik s\u00fcrekli geli\u015fen alt yap\u0131s\u0131 ve artan i\u015f g\u00fcc\u00fc ile birlikte ileride rayl\u0131 sistemler ad\u0131 alt\u0131ndaki \u00f6zg\u00fcn ve bilinir marka olma yolunda hedefine son s\u00fcrat ilerlemektedir.<\/p>\t\t\t\t\t\t<\/div>\n\t\t\t\t<\/div>\n\t\t            <\/div>\n        <\/div>\n                <div class=\"elementor-column elementor-col-50 elementor-top-column elementor-element elementor-element-68dba21 ct-column-none col-offset-none\" data-id=\"68dba21\" data-element_type=\"column\">\n            <div class=\"elementor-widget-wrap elementor-element-populated\">\n                        \t\t<div class=\"elementor-element elementor-element-d9e7c74 elementor-widget elementor-widget-image\" data-id=\"d9e7c74\" data-element_type=\"widget\" data-widget_type=\"image.default\">\n\t\t\t\t<div class=\"elementor-widget-container\">\n\t\t\t<style>\/*! elementor - v3.9.2 - 21-12-2022 *\/\n.elementor-widget-image{text-align:center}.elementor-widget-image a{display:inline-block}.elementor-widget-image a img[src$=\".svg\"]{width:48px}.elementor-widget-image img{vertical-align:middle;display:inline-block}<\/style>\t\t\t\t\t\t\t\t\t\t\t\t<img decoding=\"async\" width=\"583\" height=\"561\" src=\"https:\/\/tamerteknik.com\/TR\/wp-content\/uploads\/2023\/01\/asw3.jpg\" class=\"attachment-large size-large wp-image-7472\" alt=\"\" srcset=\"https:\/\/tamerteknik.com\/TR\/wp-content\/uploads\/2023\/01\/asw3.jpg 583w, https:\/\/tamerteknik.com\/TR\/wp-content\/uploads\/2023\/01\/asw3-300x289.jpg 300w\" sizes=\"(max-width: 583px) 100vw, 583px\" \/>\t\t\t\t\t\t\t\t\t\t\t\t\t\t\t<\/div>\n\t\t\t\t<\/div>\n\t\t            <\/div>\n        <\/div>\n                            <\/div>\n        <\/section>\n                <section class=\"elementor-section elementor-top-section elementor-element elementor-element-34896b4 elementor-section-boxed elementor-section-height-default elementor-section-height-default ct-header-fixed-none ct-column-none ct-row-scroll-none ct-row-gradient--none\" data-id=\"34896b4\" data-element_type=\"section\">\n            \n                        <div class=\"elementor-container elementor-column-gap-default \">\n                    <div class=\"elementor-column elementor-col-100 elementor-top-column elementor-element elementor-element-887d209 ct-column-none col-offset-none\" data-id=\"887d209\" data-element_type=\"column\">\n            <div class=\"elementor-widget-wrap elementor-element-populated\">\n                        \t\t<div class=\"elementor-element elementor-element-a9a3de8 gallery-spacing-custom elementor-widget elementor-widget-image-gallery\" data-id=\"a9a3de8\" data-element_type=\"widget\" data-widget_type=\"image-gallery.default\">\n\t\t\t\t<div class=\"elementor-widget-container\">\n\t\t\t<style>\/*! elementor - v3.9.2 - 21-12-2022 *\/\n.elementor-image-gallery .gallery-item{display:inline-block;text-align:center;vertical-align:top;width:100%;max-width:100%;margin:0 auto}.elementor-image-gallery .gallery-item img{margin:0 auto}.elementor-image-gallery .gallery-item .gallery-caption{margin:0}.elementor-image-gallery figure img{display:block}.elementor-image-gallery figure figcaption{width:100%}.gallery-spacing-custom .elementor-image-gallery .gallery-icon{padding:0}@media (min-width:768px){.elementor-image-gallery .gallery-columns-2 .gallery-item{max-width:50%}.elementor-image-gallery .gallery-columns-3 .gallery-item{max-width:33.33%}.elementor-image-gallery .gallery-columns-4 .gallery-item{max-width:25%}.elementor-image-gallery .gallery-columns-5 .gallery-item{max-width:20%}.elementor-image-gallery .gallery-columns-6 .gallery-item{max-width:16.666%}.elementor-image-gallery .gallery-columns-7 .gallery-item{max-width:14.28%}.elementor-image-gallery .gallery-columns-8 .gallery-item{max-width:12.5%}.elementor-image-gallery .gallery-columns-9 .gallery-item{max-width:11.11%}.elementor-image-gallery .gallery-columns-10 .gallery-item{max-width:10%}}@media (min-width:480px) and (max-width:767px){.elementor-image-gallery .gallery.gallery-columns-2 .gallery-item,.elementor-image-gallery .gallery.gallery-columns-3 .gallery-item,.elementor-image-gallery .gallery.gallery-columns-4 .gallery-item,.elementor-image-gallery .gallery.gallery-columns-5 .gallery-item,.elementor-image-gallery .gallery.gallery-columns-6 .gallery-item,.elementor-image-gallery .gallery.gallery-columns-7 .gallery-item,.elementor-image-gallery .gallery.gallery-columns-8 .gallery-item,.elementor-image-gallery .gallery.gallery-columns-9 .gallery-item,.elementor-image-gallery .gallery.gallery-columns-10 .gallery-item{max-width:50%}}@media (max-width:479px){.elementor-image-gallery .gallery.gallery-columns-2 .gallery-item,.elementor-image-gallery .gallery.gallery-columns-3 .gallery-item,.elementor-image-gallery .gallery.gallery-columns-4 .gallery-item,.elementor-image-gallery .gallery.gallery-columns-5 .gallery-item,.elementor-image-gallery .gallery.gallery-columns-6 .gallery-item,.elementor-image-gallery .gallery.gallery-columns-7 .gallery-item,.elementor-image-gallery .gallery.gallery-columns-8 .gallery-item,.elementor-image-gallery .gallery.gallery-columns-9 .gallery-item,.elementor-image-gallery .gallery.gallery-columns-10 .gallery-item{max-width:100%}}<\/style>\t\t<div class=\"elementor-image-gallery\">\n\t\t\t<div id='gallery-1' class='gallery galleryid-7380 gallery-columns-4 gallery-size-itfirm-portfolio'><figure class='gallery-item'>\n\t\t\t<div class='gallery-icon landscape'>\n\t\t\t\t<a data-elementor-open-lightbox=\"yes\" data-elementor-lightbox-slideshow=\"a9a3de8\" data-elementor-lightbox-title=\"default\" e-action-hash=\"#elementor-action%3Aaction%3Dlightbox%26settings%3DeyJpZCI6NzY1NCwidXJsIjoiaHR0cHM6XC9cL3RhbWVydGVrbmlrLmNvbVwvVFJcL3dwLWNvbnRlbnRcL3VwbG9hZHNcLzIwMjRcLzAyXC9ESklfMDQ0OS1zY2FsZWQuanBnIiwic2xpZGVzaG93IjoiYTlhM2RlOCJ9\" href='https:\/\/tamerteknik.com\/TR\/wp-content\/uploads\/2024\/02\/DJI_0449-scaled.jpg'><img decoding=\"async\" width=\"370\" height=\"362\" src=\"https:\/\/tamerteknik.com\/TR\/wp-content\/uploads\/2024\/02\/DJI_0449-370x362.jpg\" class=\"attachment-itfirm-portfolio size-itfirm-portfolio\" alt=\"\" \/><\/a>\n\t\t\t<\/div><\/figure><figure class='gallery-item'>\n\t\t\t<div class='gallery-icon landscape'>\n\t\t\t\t<a data-elementor-open-lightbox=\"yes\" data-elementor-lightbox-slideshow=\"a9a3de8\" data-elementor-lightbox-title=\"default\" e-action-hash=\"#elementor-action%3Aaction%3Dlightbox%26settings%3DeyJpZCI6NzY2MiwidXJsIjoiaHR0cHM6XC9cL3RhbWVydGVrbmlrLmNvbVwvVFJcL3dwLWNvbnRlbnRcL3VwbG9hZHNcLzIwMjRcLzAyXC9ESklfMDQ0NC1zY2FsZWQuanBnIiwic2xpZGVzaG93IjoiYTlhM2RlOCJ9\" href='https:\/\/tamerteknik.com\/TR\/wp-content\/uploads\/2024\/02\/DJI_0444-scaled.jpg'><img decoding=\"async\" width=\"370\" height=\"362\" src=\"https:\/\/tamerteknik.com\/TR\/wp-content\/uploads\/2024\/02\/DJI_0444-370x362.jpg\" class=\"attachment-itfirm-portfolio size-itfirm-portfolio\" alt=\"\" \/><\/a>\n\t\t\t<\/div><\/figure><figure class='gallery-item'>\n\t\t\t<div class='gallery-icon landscape'>\n\t\t\t\t<a data-elementor-open-lightbox=\"yes\" data-elementor-lightbox-slideshow=\"a9a3de8\" data-elementor-lightbox-title=\"default\" e-action-hash=\"#elementor-action%3Aaction%3Dlightbox%26settings%3DeyJpZCI6NzY1NSwidXJsIjoiaHR0cHM6XC9cL3RhbWVydGVrbmlrLmNvbVwvVFJcL3dwLWNvbnRlbnRcL3VwbG9hZHNcLzIwMjRcLzAyXC9ESklfMDQ1MC1zY2FsZWQuanBnIiwic2xpZGVzaG93IjoiYTlhM2RlOCJ9\" href='https:\/\/tamerteknik.com\/TR\/wp-content\/uploads\/2024\/02\/DJI_0450-scaled.jpg'><img decoding=\"async\" width=\"370\" height=\"362\" src=\"https:\/\/tamerteknik.com\/TR\/wp-content\/uploads\/2024\/02\/DJI_0450-370x362.jpg\" class=\"attachment-itfirm-portfolio size-itfirm-portfolio\" alt=\"\" \/><\/a>\n\t\t\t<\/div><\/figure><figure class='gallery-item'>\n\t\t\t<div class='gallery-icon landscape'>\n\t\t\t\t<a data-elementor-open-lightbox=\"yes\" data-elementor-lightbox-slideshow=\"a9a3de8\" data-elementor-lightbox-title=\"DJI_0021\" e-action-hash=\"#elementor-action%3Aaction%3Dlightbox%26settings%3DeyJpZCI6NzY2MCwidXJsIjoiaHR0cHM6XC9cL3RhbWVydGVrbmlrLmNvbVwvVFJcL3dwLWNvbnRlbnRcL3VwbG9hZHNcLzIwMjRcLzAyXC9ESklfMDAyMS1zY2FsZWQuanBnIiwic2xpZGVzaG93IjoiYTlhM2RlOCJ9\" href='https:\/\/tamerteknik.com\/TR\/wp-content\/uploads\/2024\/02\/DJI_0021-scaled.jpg'><img decoding=\"async\" width=\"370\" height=\"362\" src=\"https:\/\/tamerteknik.com\/TR\/wp-content\/uploads\/2024\/02\/DJI_0021-370x362.jpg\" class=\"attachment-itfirm-portfolio size-itfirm-portfolio\" alt=\"\" \/><\/a>\n\t\t\t<\/div><\/figure><figure class='gallery-item'>\n\t\t\t<div class='gallery-icon landscape'>\n\t\t\t\t<a data-elementor-open-lightbox=\"yes\" data-elementor-lightbox-slideshow=\"a9a3de8\" data-elementor-lightbox-title=\"DJI_0024\" e-action-hash=\"#elementor-action%3Aaction%3Dlightbox%26settings%3DeyJpZCI6NzY2MSwidXJsIjoiaHR0cHM6XC9cL3RhbWVydGVrbmlrLmNvbVwvVFJcL3dwLWNvbnRlbnRcL3VwbG9hZHNcLzIwMjRcLzAyXC9ESklfMDAyNC1zY2FsZWQuanBnIiwic2xpZGVzaG93IjoiYTlhM2RlOCJ9\" href='https:\/\/tamerteknik.com\/TR\/wp-content\/uploads\/2024\/02\/DJI_0024-scaled.jpg'><img decoding=\"async\" width=\"370\" height=\"362\" src=\"https:\/\/tamerteknik.com\/TR\/wp-content\/uploads\/2024\/02\/DJI_0024-370x362.jpg\" class=\"attachment-itfirm-portfolio size-itfirm-portfolio\" alt=\"\" \/><\/a>\n\t\t\t<\/div><\/figure><figure class='gallery-item'>\n\t\t\t<div class='gallery-icon landscape'>\n\t\t\t\t<a data-elementor-open-lightbox=\"yes\" data-elementor-lightbox-slideshow=\"a9a3de8\" data-elementor-lightbox-title=\"DSCF7474\" e-action-hash=\"#elementor-action%3Aaction%3Dlightbox%26settings%3DeyJpZCI6NzY1NywidXJsIjoiaHR0cHM6XC9cL3RhbWVydGVrbmlrLmNvbVwvVFJcL3dwLWNvbnRlbnRcL3VwbG9hZHNcLzIwMjRcLzAyXC9EU0NGNzQ3NC1zY2FsZWQuanBnIiwic2xpZGVzaG93IjoiYTlhM2RlOCJ9\" href='https:\/\/tamerteknik.com\/TR\/wp-content\/uploads\/2024\/02\/DSCF7474-scaled.jpg'><img decoding=\"async\" width=\"370\" height=\"362\" src=\"https:\/\/tamerteknik.com\/TR\/wp-content\/uploads\/2024\/02\/DSCF7474-370x362.jpg\" class=\"attachment-itfirm-portfolio size-itfirm-portfolio\" alt=\"\" \/><\/a>\n\t\t\t<\/div><\/figure><figure class='gallery-item'>\n\t\t\t<div class='gallery-icon landscape'>\n\t\t\t\t<a data-elementor-open-lightbox=\"yes\" data-elementor-lightbox-slideshow=\"a9a3de8\" data-elementor-lightbox-title=\"DSCF7478\" e-action-hash=\"#elementor-action%3Aaction%3Dlightbox%26settings%3DeyJpZCI6NzY1OSwidXJsIjoiaHR0cHM6XC9cL3RhbWVydGVrbmlrLmNvbVwvVFJcL3dwLWNvbnRlbnRcL3VwbG9hZHNcLzIwMjRcLzAyXC9EU0NGNzQ3OC1zY2FsZWQuanBnIiwic2xpZGVzaG93IjoiYTlhM2RlOCJ9\" href='https:\/\/tamerteknik.com\/TR\/wp-content\/uploads\/2024\/02\/DSCF7478-scaled.jpg'><img decoding=\"async\" width=\"370\" height=\"362\" src=\"https:\/\/tamerteknik.com\/TR\/wp-content\/uploads\/2024\/02\/DSCF7478-370x362.jpg\" class=\"attachment-itfirm-portfolio size-itfirm-portfolio\" alt=\"\" \/><\/a>\n\t\t\t<\/div><\/figure>\n\t\t<\/div>\n\t\t<\/div>\n\t\t\t\t<\/div>\n\t\t\t\t<\/div>\n\t\t            <\/div>\n        <\/div>\n                            <\/div>\n        <\/section>\n        \t\t\t\t\t<\/div>\n\t\t","protected":false},"excerpt":{"rendered":"<p>2000 y\u0131l\u0131nda rayl\u0131 sistem ara\u00e7lar\u0131 bak\u0131m ve onar\u0131m\u0131 ile ilgili ticaret hayat\u0131na ba\u015flayan TAMER TEKN\u0130K g\u00fcn\u00fcm\u00fcz T\u00fcrkiye\u2019sinde istihdam ve i\u015f geli\u015ftirilebilirli\u011finin zirvesine emin ad\u0131mlarla ilerlemektedir. G\u00fcn\u00fcm\u00fcz co\u011frafyas\u0131n da ve rayl\u0131 sistemlerde geli\u015fen teknolojik geli\u015fmeleri yak\u0131ndan takip eden TAMER TEKN\u0130K 2000 y\u0131l\u0131nda faaliyete ba\u015flad\u0131\u011f\u0131 zamandan g\u00fcn\u00fcm\u00fcze rayl\u0131 sistemlerin bak\u0131m onar\u0131m hizmetlerini geli\u015ftirerek kendi kapasitesini en verimli [&hellip;]<\/p>\n","protected":false},"author":1,"featured_media":0,"parent":7378,"menu_order":0,"comment_status":"closed","ping_status":"closed","template":"","meta":{"footnotes":""},"class_list":["post-7380","page","type-page","status-publish","hentry"],"_links":{"self":[{"href":"https:\/\/tamerteknik.com\/TR\/index.php?rest_route=\/wp\/v2\/pages\/7380","targetHints":{"allow":["GET"]}}],"collection":[{"href":"https:\/\/tamerteknik.com\/TR\/index.php?rest_route=\/wp\/v2\/pages"}],"about":[{"href":"https:\/\/tamerteknik.com\/TR\/index.php?rest_route=\/wp\/v2\/types\/page"}],"author":[{"embeddable":true,"href":"https:\/\/tamerteknik.com\/TR\/index.php?rest_route=\/wp\/v2\/users\/1"}],"replies":[{"embeddable":true,"href":"https:\/\/tamerteknik.com\/TR\/index.php?rest_route=%2Fwp%2Fv2%2Fcomments&post=7380"}],"version-history":[{"count":15,"href":"https:\/\/tamerteknik.com\/TR\/index.php?rest_route=\/wp\/v2\/pages\/7380\/revisions"}],"predecessor-version":[{"id":7668,"href":"https:\/\/tamerteknik.com\/TR\/index.php?rest_route=\/wp\/v2\/pages\/7380\/revisions\/7668"}],"up":[{"embeddable":true,"href":"https:\/\/tamerteknik.com\/TR\/index.php?rest_route=\/wp\/v2\/pages\/7378"}],"wp:attachment":[{"href":"https:\/\/tamerteknik.com\/TR\/index.php?rest_route=%2Fwp%2Fv2%2Fmedia&parent=7380"}],"curies":[{"name":"wp","href":"https:\/\/api.w.org\/{rel}","templated":true}]}}